{"id":27,"date":"2025-12-12T10:27:18","date_gmt":"2025-12-12T09:27:18","guid":{"rendered":"https:\/\/clinicaprawa.pl\/mediacji\/?page_id=27"},"modified":"2026-02-16T11:15:23","modified_gmt":"2026-02-16T10:15:23","slug":"uslugi","status":"publish","type":"page","link":"https:\/\/clinicaprawa.pl\/mediacji\/uslugi\/","title":{"rendered":"Us\u0142ugi"},"content":{"rendered":"<h1>Strona w budowie<\/h1>\r\n<a href=\"https:\/\/clinicaprawa.pl\/\">Wr\u00f3\u0107 do strony domowej<\/a>\r\n\r\n\r\n<p>&nbsp;<\/p>\r\n\r\n<h1 style=\"text-align: center;\">A WI\u0118C, CZEGO DOTYCZY TWOJA SPRAWA?<\/h1>\r\n<h4 style=\"text-align: center;\">Pozw\u00f3l, \u017ce Ci pomog\u0119.<\/h4>\r\n<p>&nbsp;<\/p>\r\n<p style=\"text-align: justify;\">Wraz z moim zespo\u0142em <strong><span style=\"color: #02531b;\"><a style=\"color: #02531b;\" href=\"https:\/\/clinicaprawa.pl\/rodzinnego\/specjalisci\/\">specjalist\u00f3w<\/a> <\/span><\/strong>zajmuj\u0119 si\u0119 prawnym rozwi\u0105zywaniem rodzinnych problem\u00f3w. Reprezentuje interesy kobiet, m\u0119\u017cczyzn i ma\u0142\u017conk\u00f3w przed s\u0105dem i innymi organami wymiaru sprawiedliwo\u015bci. Moim g\u0142\u00f3wnym celem jest znale\u017a\u0107 prawne rozwi\u0105zanie Twoich k\u0142opot\u00f3w i zadba\u0107 o Twoj\u0105 przysz\u0142o\u015b\u0107. Pomog\u0119 Ci przej\u015b\u0107 przez najgorsze; przygotuj\u0119 Ci\u0119 do wszystkich prawnych wyzwa\u0144, kt\u00f3re masz przed sob\u0105 i zadbam o respektowanie Twoich praw. Moj\u0105 recept\u0105 jest prawo, do\u015bwiadczenie i zesp\u00f3\u0142 <strong><span style=\"color: #02531b;\"><a \" href=\"https:\/\/clinicaprawa.pl\/rodzinnego\/specjalisci\/\">specjalist\u00f3w<\/a><\/p><!-- \/wp:post-content -->","protected":false},"excerpt":{"rendered":"<p>Strona w budowie Wr\u00f3\u0107 do strony domowej &nbsp; A WI\u0118C, CZEGO DOTYCZY TWOJA SPRAWA? Pozw\u00f3l, \u017ce Ci pomog\u0119. &nbsp; Wraz z moim zespo\u0142em specjalist\u00f3w zajmuj\u0119 &#8230;<\/p>\n","protected":false},"author":6,"featured_media":73,"parent":0,"menu_order":0,"comment_status":"closed","ping_status":"closed","template":"page_slide-content.php","meta":{"footnotes":""},"class_list":["post-27","page","type-page","status-publish","has-post-thumbnail","hentry"],"yoast_head":"<!-- This site is optimized with the Yoast SEO plugin v27.3 - https:\/\/yoast.com\/product\/yoast-seo-wordpress\/ -->\n<title>Us\u0142ugi - Clinica Mediacji<\/title>\n<meta name=\"robots\" content=\"index, follow, max-snippet:-1, max-image-preview:large, max-video-preview:-1\" \/>\n<link rel=\"canonical\" href=\"https:\/\/clinicaprawa.pl\/mediacji\/uslugi\/\" \/>\n<meta property=\"og:locale\" content=\"pl_PL\" \/>\n<meta property=\"og:type\" content=\"article\" \/>\n<meta property=\"og:title\" content=\"Us\u0142ugi - Clinica Mediacji\" \/>\n<meta property=\"og:description\" content=\"Strona w budowie Wr\u00f3\u0107 do strony domowej &nbsp; A WI\u0118C, CZEGO DOTYCZY TWOJA SPRAWA? Pozw\u00f3l, \u017ce Ci pomog\u0119. &nbsp; Wraz z moim zespo\u0142em specjalist\u00f3w zajmuj\u0119 ...\" \/>\n<meta property=\"og:url\" content=\"https:\/\/clinicaprawa.pl\/mediacji\/uslugi\/\" \/>\n<meta property=\"og:site_name\" content=\"Clinica Mediacji\" \/>\n<meta property=\"article:modified_time\" content=\"2026-02-16T10:15:23+00:00\" \/>\n<meta property=\"og:image\" content=\"https:\/\/clinicaprawa.pl\/mediacji\/wp-content\/uploads\/sites\/4\/2026\/01\/adwokat-1280x800-1.jpg\" \/>\n\t<meta property=\"og:image:width\" content=\"1280\" \/>\n\t<meta property=\"og:image:height\" content=\"800\" \/>\n\t<meta property=\"og:image:type\" content=\"image\/jpeg\" \/>\n<meta name=\"twitter:card\" content=\"summary_large_image\" \/>\n<meta name=\"twitter:label1\" content=\"Szacowany czas czytania\" \/>\n\t<meta name=\"twitter:data1\" content=\"1 minuta\" \/>\n<script type=\"application\/ld+json\" class=\"yoast-schema-graph\">{\"@context\":\"https:\\\/\\\/schema.org\",\"@graph\":[{\"@type\":\"WebPage\",\"@id\":\"https:\\\/\\\/clinicaprawa.pl\\\/mediacji\\\/uslugi\\\/\",\"url\":\"https:\\\/\\\/clinicaprawa.pl\\\/mediacji\\\/uslugi\\\/\",\"name\":\"Us\u0142ugi - Clinica Mediacji\",\"isPartOf\":{\"@id\":\"https:\\\/\\\/clinicaprawa.pl\\\/mediacji\\\/#website\"},\"primaryImageOfPage\":{\"@id\":\"https:\\\/\\\/clinicaprawa.pl\\\/mediacji\\\/uslugi\\\/#primaryimage\"},\"image\":{\"@id\":\"https:\\\/\\\/clinicaprawa.pl\\\/mediacji\\\/uslugi\\\/#primaryimage\"},\"thumbnailUrl\":\"https:\\\/\\\/clinicaprawa.pl\\\/mediacji\\\/wp-content\\\/uploads\\\/sites\\\/4\\\/2026\\\/01\\\/adwokat-1280x800-1.jpg\",\"datePublished\":\"2025-12-12T09:27:18+00:00\",\"dateModified\":\"2026-02-16T10:15:23+00:00\",\"breadcrumb\":{\"@id\":\"https:\\\/\\\/clinicaprawa.pl\\\/mediacji\\\/uslugi\\\/#breadcrumb\"},\"inLanguage\":\"pl-PL\",\"potentialAction\":[{\"@type\":\"ReadAction\",\"target\":[\"https:\\\/\\\/clinicaprawa.pl\\\/mediacji\\\/uslugi\\\/\"]}]},{\"@type\":\"ImageObject\",\"inLanguage\":\"pl-PL\",\"@id\":\"https:\\\/\\\/clinicaprawa.pl\\\/mediacji\\\/uslugi\\\/#primaryimage\",\"url\":\"https:\\\/\\\/clinicaprawa.pl\\\/mediacji\\\/wp-content\\\/uploads\\\/sites\\\/4\\\/2026\\\/01\\\/adwokat-1280x800-1.jpg\",\"contentUrl\":\"https:\\\/\\\/clinicaprawa.pl\\\/mediacji\\\/wp-content\\\/uploads\\\/sites\\\/4\\\/2026\\\/01\\\/adwokat-1280x800-1.jpg\",\"width\":1280,\"height\":800},{\"@type\":\"BreadcrumbList\",\"@id\":\"https:\\\/\\\/clinicaprawa.pl\\\/mediacji\\\/uslugi\\\/#breadcrumb\",\"itemListElement\":[{\"@type\":\"ListItem\",\"position\":1,\"name\":\"Strona g\u0142\u00f3wna\",\"item\":\"https:\\\/\\\/clinicaprawa.pl\\\/mediacji\\\/\"},{\"@type\":\"ListItem\",\"position\":2,\"name\":\"Us\u0142ugi\"}]},{\"@type\":\"WebSite\",\"@id\":\"https:\\\/\\\/clinicaprawa.pl\\\/mediacji\\\/#website\",\"url\":\"https:\\\/\\\/clinicaprawa.pl\\\/mediacji\\\/\",\"name\":\"Clinica Mediacji\",\"description\":\"adw. Katarzyna Frankiewicz-Burda\",\"publisher\":{\"@id\":\"https:\\\/\\\/clinicaprawa.pl\\\/mediacji\\\/#organization\"},\"potentialAction\":[{\"@type\":\"SearchAction\",\"target\":{\"@type\":\"EntryPoint\",\"urlTemplate\":\"https:\\\/\\\/clinicaprawa.pl\\\/mediacji\\\/?s={search_term_string}\"},\"query-input\":{\"@type\":\"PropertyValueSpecification\",\"valueRequired\":true,\"valueName\":\"search_term_string\"}}],\"inLanguage\":\"pl-PL\"},{\"@type\":\"Organization\",\"@id\":\"https:\\\/\\\/clinicaprawa.pl\\\/mediacji\\\/#organization\",\"name\":\"Clinica Mediacji\",\"url\":\"https:\\\/\\\/clinicaprawa.pl\\\/mediacji\\\/\",\"logo\":{\"@type\":\"ImageObject\",\"inLanguage\":\"pl-PL\",\"@id\":\"https:\\\/\\\/clinicaprawa.pl\\\/mediacji\\\/#\\\/schema\\\/logo\\\/image\\\/\",\"url\":\"https:\\\/\\\/clinicaprawa.pl\\\/mediacji\\\/wp-content\\\/uploads\\\/sites\\\/4\\\/2026\\\/01\\\/clinica_mediacji-scaled.png\",\"contentUrl\":\"https:\\\/\\\/clinicaprawa.pl\\\/mediacji\\\/wp-content\\\/uploads\\\/sites\\\/4\\\/2026\\\/01\\\/clinica_mediacji-scaled.png\",\"width\":2560,\"height\":489,\"caption\":\"Clinica Mediacji\"},\"image\":{\"@id\":\"https:\\\/\\\/clinicaprawa.pl\\\/mediacji\\\/#\\\/schema\\\/logo\\\/image\\\/\"}}]}<\/script>\n<!-- \/ Yoast SEO plugin. -->","yoast_head_json":{"title":"Us\u0142ugi - Clinica Mediacji","robots":{"index":"index","follow":"follow","max-snippet":"max-snippet:-1","max-image-preview":"max-image-preview:large","max-video-preview":"max-video-preview:-1"},"canonical":"https:\/\/clinicaprawa.pl\/mediacji\/uslugi\/","og_locale":"pl_PL","og_type":"article","og_title":"Us\u0142ugi - Clinica Mediacji","og_description":"Strona w budowie Wr\u00f3\u0107 do strony domowej &nbsp; A WI\u0118C, CZEGO DOTYCZY TWOJA SPRAWA? Pozw\u00f3l, \u017ce Ci pomog\u0119. &nbsp; Wraz z moim zespo\u0142em specjalist\u00f3w zajmuj\u0119 ...","og_url":"https:\/\/clinicaprawa.pl\/mediacji\/uslugi\/","og_site_name":"Clinica Mediacji","article_modified_time":"2026-02-16T10:15:23+00:00","og_image":[{"width":1280,"height":800,"url":"https:\/\/clinicaprawa.pl\/mediacji\/wp-content\/uploads\/sites\/4\/2026\/01\/adwokat-1280x800-1.jpg","type":"image\/jpeg"}],"twitter_card":"summary_large_image","twitter_misc":{"Szacowany czas czytania":"1 minuta"},"schema":{"@context":"https:\/\/schema.org","@graph":[{"@type":"WebPage","@id":"https:\/\/clinicaprawa.pl\/mediacji\/uslugi\/","url":"https:\/\/clinicaprawa.pl\/mediacji\/uslugi\/","name":"Us\u0142ugi - Clinica Mediacji","isPartOf":{"@id":"https:\/\/clinicaprawa.pl\/mediacji\/#website"},"primaryImageOfPage":{"@id":"https:\/\/clinicaprawa.pl\/mediacji\/uslugi\/#primaryimage"},"image":{"@id":"https:\/\/clinicaprawa.pl\/mediacji\/uslugi\/#primaryimage"},"thumbnailUrl":"https:\/\/clinicaprawa.pl\/mediacji\/wp-content\/uploads\/sites\/4\/2026\/01\/adwokat-1280x800-1.jpg","datePublished":"2025-12-12T09:27:18+00:00","dateModified":"2026-02-16T10:15:23+00:00","breadcrumb":{"@id":"https:\/\/clinicaprawa.pl\/mediacji\/uslugi\/#breadcrumb"},"inLanguage":"pl-PL","potentialAction":[{"@type":"ReadAction","target":["https:\/\/clinicaprawa.pl\/mediacji\/uslugi\/"]}]},{"@type":"ImageObject","inLanguage":"pl-PL","@id":"https:\/\/clinicaprawa.pl\/mediacji\/uslugi\/#primaryimage","url":"https:\/\/clinicaprawa.pl\/mediacji\/wp-content\/uploads\/sites\/4\/2026\/01\/adwokat-1280x800-1.jpg","contentUrl":"https:\/\/clinicaprawa.pl\/mediacji\/wp-content\/uploads\/sites\/4\/2026\/01\/adwokat-1280x800-1.jpg","width":1280,"height":800},{"@type":"BreadcrumbList","@id":"https:\/\/clinicaprawa.pl\/mediacji\/uslugi\/#breadcrumb","itemListElement":[{"@type":"ListItem","position":1,"name":"Strona g\u0142\u00f3wna","item":"https:\/\/clinicaprawa.pl\/mediacji\/"},{"@type":"ListItem","position":2,"name":"Us\u0142ugi"}]},{"@type":"WebSite","@id":"https:\/\/clinicaprawa.pl\/mediacji\/#website","url":"https:\/\/clinicaprawa.pl\/mediacji\/","name":"Clinica Mediacji","description":"adw. Katarzyna Frankiewicz-Burda","publisher":{"@id":"https:\/\/clinicaprawa.pl\/mediacji\/#organization"},"potentialAction":[{"@type":"SearchAction","target":{"@type":"EntryPoint","urlTemplate":"https:\/\/clinicaprawa.pl\/mediacji\/?s={search_term_string}"},"query-input":{"@type":"PropertyValueSpecification","valueRequired":true,"valueName":"search_term_string"}}],"inLanguage":"pl-PL"},{"@type":"Organization","@id":"https:\/\/clinicaprawa.pl\/mediacji\/#organization","name":"Clinica Mediacji","url":"https:\/\/clinicaprawa.pl\/mediacji\/","logo":{"@type":"ImageObject","inLanguage":"pl-PL","@id":"https:\/\/clinicaprawa.pl\/mediacji\/#\/schema\/logo\/image\/","url":"https:\/\/clinicaprawa.pl\/mediacji\/wp-content\/uploads\/sites\/4\/2026\/01\/clinica_mediacji-scaled.png","contentUrl":"https:\/\/clinicaprawa.pl\/mediacji\/wp-content\/uploads\/sites\/4\/2026\/01\/clinica_mediacji-scaled.png","width":2560,"height":489,"caption":"Clinica Mediacji"},"image":{"@id":"https:\/\/clinicaprawa.pl\/mediacji\/#\/schema\/logo\/image\/"}}]}},"_links":{"self":[{"href":"https:\/\/clinicaprawa.pl\/mediacji\/wp-json\/wp\/v2\/pages\/27","targetHints":{"allow":["GET"]}}],"collection":[{"href":"https:\/\/clinicaprawa.pl\/mediacji\/wp-json\/wp\/v2\/pages"}],"about":[{"href":"https:\/\/clinicaprawa.pl\/mediacji\/wp-json\/wp\/v2\/types\/page"}],"author":[{"embeddable":true,"href":"https:\/\/clinicaprawa.pl\/mediacji\/wp-json\/wp\/v2\/users\/6"}],"replies":[{"embeddable":true,"href":"https:\/\/clinicaprawa.pl\/mediacji\/wp-json\/wp\/v2\/comments?post=27"}],"version-history":[{"count":7,"href":"https:\/\/clinicaprawa.pl\/mediacji\/wp-json\/wp\/v2\/pages\/27\/revisions"}],"predecessor-version":[{"id":89,"href":"https:\/\/clinicaprawa.pl\/mediacji\/wp-json\/wp\/v2\/pages\/27\/revisions\/89"}],"wp:featuredmedia":[{"embeddable":true,"href":"https:\/\/clinicaprawa.pl\/mediacji\/wp-json\/wp\/v2\/media\/73"}],"wp:attachment":[{"href":"https:\/\/clinicaprawa.pl\/mediacji\/wp-json\/wp\/v2\/media?parent=27"}],"curies":[{"name":"wp","href":"https:\/\/api.w.org\/{rel}","templated":true}]}}