{"id":2,"date":"2025-07-24T11:10:22","date_gmt":"2025-07-24T09:10:22","guid":{"rendered":"https:\/\/clinicaprawa.pl\/team\/?page_id=2"},"modified":"2026-04-03T15:33:18","modified_gmt":"2026-04-03T13:33:18","slug":"przykladowa-strona","status":"publish","type":"page","link":"https:\/\/clinicaprawa.pl\/team\/przykladowa-strona\/","title":{"rendered":"Przyk\u0142adowa strona"},"content":{"rendered":"\r\n<p>[amelia-booking]<\/p>\r\n<p>&nbsp;<\/p>\r\n<p>Przyk\u0142adowa strona. Strony s\u0105 inne ni\u017c wpisy na blogu, poniewa\u017c nie tylko znajduj\u0105 si\u0119 zawsze w jednym miejscu, ale tak\u017ce pojawiaj\u0105 si\u0119 w menu witryny (w wi\u0119kszo\u015bci motyw\u00f3w). Wi\u0119kszo\u015b\u0107 u\u017cytkownik\u00f3w zaczyna od strony z informacjami o sobie, kt\u00f3ra zapozna ich przed odwiedzaj\u0105cymi witryn\u0119. Taka strona mo\u017ce zawiera\u0107 na przyk\u0142ad tak\u0105 tre\u015b\u0107:<\/p>\r\n\r\n\r\n\r\n<blockquote class=\"wp-block-quote is-layout-flow wp-block-quote-is-layout-flow\">\r\n<p>Cze\u015b\u0107! Za dnia jestem kurierem rowerowym, noc\u0105 pr\u00f3buj\u0119 swoich si\u0142 w aktorstwie, a to jest moja witryna. Mieszkam w Krakowie, mam wspania\u0142ego psa kt\u00f3ry wabi si\u0119 Reks i lubi\u0119 pi\u00f1a colad\u0119 (oraz spacery, gdy pada deszcz).<\/p>\r\n<\/blockquote>\r\n\r\n\r\n\r\n<p>&#8230;albo co\u015b takiego:<\/p>\r\n\r\n\r\n\r\n<blockquote class=\"wp-block-quote is-layout-flow wp-block-quote-is-layout-flow\">\r\n<p>Firma XYZ Doohickey zosta\u0142a za\u0142o\u017cona w 1971 roku i od tamtej pory dostarcza spo\u0142ecze\u0144stwu dobrej jako\u015bci gad\u017cety. Znajduj\u0105ca si\u0119 w Gotham City XYZ zatrudnia ponad 2000 os\u00f3b i robi niesamowite rzeczy dla spo\u0142eczno\u015bci Gotham.<\/p>\r\n<\/blockquote>\r\n\r\n\r\n\r\n<p>Jako nowy u\u017cytkownik WordPressa, powiniene\u015b przej\u015b\u0107 do <a href=\"https:\/\/clinicaprawa.pl\/team\/wp-admin\/\">swojego kokpitu<\/a> aby usun\u0105\u0107 t\u0119 stron\u0119 i stworzy\u0107 nowe z w\u0142asn\u0105 tre\u015bci\u0105. Dobrej zabawy!<\/p>\r\n<p>&nbsp;<\/p>\r\n\n<script>\n  if (typeof hasAmeliaEntitiesApiCall === 'undefined' && ('' === '' && '' !== '1')) {\n    var hasAmeliaEntitiesApiCall = true;\n  }\n  var ameliaShortcodeData = (typeof ameliaShortcodeData === 'undefined') ? [] : ameliaShortcodeData;\n  ameliaShortcodeData.push(\n    {\n      'hasApiCall': (typeof hasAmeliaEntitiesApiCall !== 'undefined') && hasAmeliaEntitiesApiCall,\n      'trigger': '',\n      'trigger_type': '',\n      'triggered_form': 'sbsNew',\n      'in_dialog': '',\n      'show': '',\n      'counter': '1000',\n      'category': '',\n      'service': '',\n      'employee': '',\n      'location': '',\n      'package': '',\n      'layout': '1',\n    }\n  );\n\n  var ameliaShortcodeDataTriggered = (typeof ameliaShortcodeDataTriggered === 'undefined') ? [] : ameliaShortcodeDataTriggered;\n  if (ameliaShortcodeData[ameliaShortcodeData.length - 1].trigger !== '') {\n    if (ameliaShortcodeDataTriggered.filter(a => a.counter === ameliaShortcodeData[ameliaShortcodeData.length - 1].counter).length === 0) {\n      ameliaShortcodeDataTriggered.push(ameliaShortcodeData.pop());\n    } else {\n      ameliaShortcodeData.pop()\n    }\n  }\n  if (typeof hasAmeliaEntitiesApiCall !== 'undefined' && hasAmeliaEntitiesApiCall) {\n    hasAmeliaEntitiesApiCall = false;\n  }\n<\/script>\n\n<div\n  id=\"amelia-v2-booking-1000\"\n  class=\"amelia-v2-booking\"\n >\n    <step-form-wrapper><\/step-form-wrapper><\/div>\n\r\n","protected":false},"excerpt":{"rendered":"<p>[amelia-booking] &nbsp; Przyk\u0142adowa strona. Strony s\u0105 inne ni\u017c wpisy na blogu, poniewa\u017c nie tylko znajduj\u0105 si\u0119 zawsze w jednym miejscu, ale tak\u017ce pojawiaj\u0105 si\u0119 w &#8230;<\/p>\n","protected":false},"author":6,"featured_media":35,"parent":0,"menu_order":0,"comment_status":"closed","ping_status":"open","template":"","meta":{"footnotes":""},"class_list":["post-2","page","type-page","status-publish","has-post-thumbnail","hentry"],"yoast_head":"<!-- This site is optimized with the Yoast SEO plugin v27.3 - https:\/\/yoast.com\/product\/yoast-seo-wordpress\/ -->\n<title>Przyk\u0142adowa strona - Clinica Team<\/title>\n<meta name=\"robots\" content=\"index, follow, max-snippet:-1, max-image-preview:large, max-video-preview:-1\" \/>\n<link rel=\"canonical\" href=\"https:\/\/clinicaprawa.pl\/team\/przykladowa-strona\/\" \/>\n<meta property=\"og:locale\" content=\"pl_PL\" \/>\n<meta property=\"og:type\" content=\"article\" \/>\n<meta property=\"og:title\" content=\"Przyk\u0142adowa strona - Clinica Team\" \/>\n<meta property=\"og:description\" content=\"[amelia-booking] &nbsp; Przyk\u0142adowa strona. Strony s\u0105 inne ni\u017c wpisy na blogu, poniewa\u017c nie tylko znajduj\u0105 si\u0119 zawsze w jednym miejscu, ale tak\u017ce pojawiaj\u0105 si\u0119 w ...\" \/>\n<meta property=\"og:url\" content=\"https:\/\/clinicaprawa.pl\/team\/przykladowa-strona\/\" \/>\n<meta property=\"og:site_name\" content=\"Clinica Team\" \/>\n<meta property=\"article:modified_time\" content=\"2026-04-03T13:33:18+00:00\" \/>\n<meta property=\"og:image\" content=\"https:\/\/clinicaprawa.pl\/team\/wp-content\/uploads\/sites\/5\/2026\/02\/home.jpg\" \/>\n\t<meta property=\"og:image:width\" content=\"1680\" \/>\n\t<meta property=\"og:image:height\" content=\"1050\" \/>\n\t<meta property=\"og:image:type\" content=\"image\/jpeg\" \/>\n<meta name=\"twitter:card\" content=\"summary_large_image\" \/>\n<meta name=\"twitter:label1\" content=\"Szacowany czas czytania\" \/>\n\t<meta name=\"twitter:data1\" content=\"1 minuta\" \/>\n<script type=\"application\/ld+json\" class=\"yoast-schema-graph\">{\"@context\":\"https:\\\/\\\/schema.org\",\"@graph\":[{\"@type\":\"WebPage\",\"@id\":\"https:\\\/\\\/clinicaprawa.pl\\\/team\\\/przykladowa-strona\\\/\",\"url\":\"https:\\\/\\\/clinicaprawa.pl\\\/team\\\/przykladowa-strona\\\/\",\"name\":\"Przyk\u0142adowa strona - Clinica Team\",\"isPartOf\":{\"@id\":\"https:\\\/\\\/clinicaprawa.pl\\\/team\\\/#website\"},\"primaryImageOfPage\":{\"@id\":\"https:\\\/\\\/clinicaprawa.pl\\\/team\\\/przykladowa-strona\\\/#primaryimage\"},\"image\":{\"@id\":\"https:\\\/\\\/clinicaprawa.pl\\\/team\\\/przykladowa-strona\\\/#primaryimage\"},\"thumbnailUrl\":\"https:\\\/\\\/clinicaprawa.pl\\\/team\\\/wp-content\\\/uploads\\\/sites\\\/5\\\/2026\\\/02\\\/home.jpg\",\"datePublished\":\"2025-07-24T09:10:22+00:00\",\"dateModified\":\"2026-04-03T13:33:18+00:00\",\"breadcrumb\":{\"@id\":\"https:\\\/\\\/clinicaprawa.pl\\\/team\\\/przykladowa-strona\\\/#breadcrumb\"},\"inLanguage\":\"pl-PL\",\"potentialAction\":[{\"@type\":\"ReadAction\",\"target\":[\"https:\\\/\\\/clinicaprawa.pl\\\/team\\\/przykladowa-strona\\\/\"]}]},{\"@type\":\"ImageObject\",\"inLanguage\":\"pl-PL\",\"@id\":\"https:\\\/\\\/clinicaprawa.pl\\\/team\\\/przykladowa-strona\\\/#primaryimage\",\"url\":\"https:\\\/\\\/clinicaprawa.pl\\\/team\\\/wp-content\\\/uploads\\\/sites\\\/5\\\/2026\\\/02\\\/home.jpg\",\"contentUrl\":\"https:\\\/\\\/clinicaprawa.pl\\\/team\\\/wp-content\\\/uploads\\\/sites\\\/5\\\/2026\\\/02\\\/home.jpg\",\"width\":1680,\"height\":1050},{\"@type\":\"BreadcrumbList\",\"@id\":\"https:\\\/\\\/clinicaprawa.pl\\\/team\\\/przykladowa-strona\\\/#breadcrumb\",\"itemListElement\":[{\"@type\":\"ListItem\",\"position\":1,\"name\":\"Strona g\u0142\u00f3wna\",\"item\":\"https:\\\/\\\/clinicaprawa.pl\\\/team\\\/\"},{\"@type\":\"ListItem\",\"position\":2,\"name\":\"Przyk\u0142adowa strona\"}]},{\"@type\":\"WebSite\",\"@id\":\"https:\\\/\\\/clinicaprawa.pl\\\/team\\\/#website\",\"url\":\"https:\\\/\\\/clinicaprawa.pl\\\/team\\\/\",\"name\":\"Clinica Team\",\"description\":\"adw. Katarzyna Frankiewicz-Burda\",\"publisher\":{\"@id\":\"https:\\\/\\\/clinicaprawa.pl\\\/team\\\/#organization\"},\"potentialAction\":[{\"@type\":\"SearchAction\",\"target\":{\"@type\":\"EntryPoint\",\"urlTemplate\":\"https:\\\/\\\/clinicaprawa.pl\\\/team\\\/?s={search_term_string}\"},\"query-input\":{\"@type\":\"PropertyValueSpecification\",\"valueRequired\":true,\"valueName\":\"search_term_string\"}}],\"inLanguage\":\"pl-PL\"},{\"@type\":\"Organization\",\"@id\":\"https:\\\/\\\/clinicaprawa.pl\\\/team\\\/#organization\",\"name\":\"Clinica Team\",\"url\":\"https:\\\/\\\/clinicaprawa.pl\\\/team\\\/\",\"logo\":{\"@type\":\"ImageObject\",\"inLanguage\":\"pl-PL\",\"@id\":\"https:\\\/\\\/clinicaprawa.pl\\\/team\\\/#\\\/schema\\\/logo\\\/image\\\/\",\"url\":\"https:\\\/\\\/clinicaprawa.pl\\\/team\\\/wp-content\\\/uploads\\\/sites\\\/5\\\/2026\\\/01\\\/clinica_team.png\",\"contentUrl\":\"https:\\\/\\\/clinicaprawa.pl\\\/team\\\/wp-content\\\/uploads\\\/sites\\\/5\\\/2026\\\/01\\\/clinica_team.png\",\"width\":1836,\"height\":277,\"caption\":\"Clinica Team\"},\"image\":{\"@id\":\"https:\\\/\\\/clinicaprawa.pl\\\/team\\\/#\\\/schema\\\/logo\\\/image\\\/\"}}]}<\/script>\n<!-- \/ Yoast SEO plugin. -->","yoast_head_json":{"title":"Przyk\u0142adowa strona - Clinica Team","robots":{"index":"index","follow":"follow","max-snippet":"max-snippet:-1","max-image-preview":"max-image-preview:large","max-video-preview":"max-video-preview:-1"},"canonical":"https:\/\/clinicaprawa.pl\/team\/przykladowa-strona\/","og_locale":"pl_PL","og_type":"article","og_title":"Przyk\u0142adowa strona - Clinica Team","og_description":"[amelia-booking] &nbsp; Przyk\u0142adowa strona. Strony s\u0105 inne ni\u017c wpisy na blogu, poniewa\u017c nie tylko znajduj\u0105 si\u0119 zawsze w jednym miejscu, ale tak\u017ce pojawiaj\u0105 si\u0119 w ...","og_url":"https:\/\/clinicaprawa.pl\/team\/przykladowa-strona\/","og_site_name":"Clinica Team","article_modified_time":"2026-04-03T13:33:18+00:00","og_image":[{"width":1680,"height":1050,"url":"https:\/\/clinicaprawa.pl\/team\/wp-content\/uploads\/sites\/5\/2026\/02\/home.jpg","type":"image\/jpeg"}],"twitter_card":"summary_large_image","twitter_misc":{"Szacowany czas czytania":"1 minuta"},"schema":{"@context":"https:\/\/schema.org","@graph":[{"@type":"WebPage","@id":"https:\/\/clinicaprawa.pl\/team\/przykladowa-strona\/","url":"https:\/\/clinicaprawa.pl\/team\/przykladowa-strona\/","name":"Przyk\u0142adowa strona - Clinica Team","isPartOf":{"@id":"https:\/\/clinicaprawa.pl\/team\/#website"},"primaryImageOfPage":{"@id":"https:\/\/clinicaprawa.pl\/team\/przykladowa-strona\/#primaryimage"},"image":{"@id":"https:\/\/clinicaprawa.pl\/team\/przykladowa-strona\/#primaryimage"},"thumbnailUrl":"https:\/\/clinicaprawa.pl\/team\/wp-content\/uploads\/sites\/5\/2026\/02\/home.jpg","datePublished":"2025-07-24T09:10:22+00:00","dateModified":"2026-04-03T13:33:18+00:00","breadcrumb":{"@id":"https:\/\/clinicaprawa.pl\/team\/przykladowa-strona\/#breadcrumb"},"inLanguage":"pl-PL","potentialAction":[{"@type":"ReadAction","target":["https:\/\/clinicaprawa.pl\/team\/przykladowa-strona\/"]}]},{"@type":"ImageObject","inLanguage":"pl-PL","@id":"https:\/\/clinicaprawa.pl\/team\/przykladowa-strona\/#primaryimage","url":"https:\/\/clinicaprawa.pl\/team\/wp-content\/uploads\/sites\/5\/2026\/02\/home.jpg","contentUrl":"https:\/\/clinicaprawa.pl\/team\/wp-content\/uploads\/sites\/5\/2026\/02\/home.jpg","width":1680,"height":1050},{"@type":"BreadcrumbList","@id":"https:\/\/clinicaprawa.pl\/team\/przykladowa-strona\/#breadcrumb","itemListElement":[{"@type":"ListItem","position":1,"name":"Strona g\u0142\u00f3wna","item":"https:\/\/clinicaprawa.pl\/team\/"},{"@type":"ListItem","position":2,"name":"Przyk\u0142adowa strona"}]},{"@type":"WebSite","@id":"https:\/\/clinicaprawa.pl\/team\/#website","url":"https:\/\/clinicaprawa.pl\/team\/","name":"Clinica Team","description":"adw. Katarzyna Frankiewicz-Burda","publisher":{"@id":"https:\/\/clinicaprawa.pl\/team\/#organization"},"potentialAction":[{"@type":"SearchAction","target":{"@type":"EntryPoint","urlTemplate":"https:\/\/clinicaprawa.pl\/team\/?s={search_term_string}"},"query-input":{"@type":"PropertyValueSpecification","valueRequired":true,"valueName":"search_term_string"}}],"inLanguage":"pl-PL"},{"@type":"Organization","@id":"https:\/\/clinicaprawa.pl\/team\/#organization","name":"Clinica Team","url":"https:\/\/clinicaprawa.pl\/team\/","logo":{"@type":"ImageObject","inLanguage":"pl-PL","@id":"https:\/\/clinicaprawa.pl\/team\/#\/schema\/logo\/image\/","url":"https:\/\/clinicaprawa.pl\/team\/wp-content\/uploads\/sites\/5\/2026\/01\/clinica_team.png","contentUrl":"https:\/\/clinicaprawa.pl\/team\/wp-content\/uploads\/sites\/5\/2026\/01\/clinica_team.png","width":1836,"height":277,"caption":"Clinica Team"},"image":{"@id":"https:\/\/clinicaprawa.pl\/team\/#\/schema\/logo\/image\/"}}]}},"_links":{"self":[{"href":"https:\/\/clinicaprawa.pl\/team\/wp-json\/wp\/v2\/pages\/2","targetHints":{"allow":["GET"]}}],"collection":[{"href":"https:\/\/clinicaprawa.pl\/team\/wp-json\/wp\/v2\/pages"}],"about":[{"href":"https:\/\/clinicaprawa.pl\/team\/wp-json\/wp\/v2\/types\/page"}],"author":[{"embeddable":true,"href":"https:\/\/clinicaprawa.pl\/team\/wp-json\/wp\/v2\/users\/6"}],"replies":[{"embeddable":true,"href":"https:\/\/clinicaprawa.pl\/team\/wp-json\/wp\/v2\/comments?post=2"}],"version-history":[{"count":3,"href":"https:\/\/clinicaprawa.pl\/team\/wp-json\/wp\/v2\/pages\/2\/revisions"}],"predecessor-version":[{"id":49,"href":"https:\/\/clinicaprawa.pl\/team\/wp-json\/wp\/v2\/pages\/2\/revisions\/49"}],"wp:featuredmedia":[{"embeddable":true,"href":"https:\/\/clinicaprawa.pl\/team\/wp-json\/wp\/v2\/media\/35"}],"wp:attachment":[{"href":"https:\/\/clinicaprawa.pl\/team\/wp-json\/wp\/v2\/media?parent=2"}],"curies":[{"name":"wp","href":"https:\/\/api.w.org\/{rel}","templated":true}]}}